{"id":20076,"date":"2024-01-18T10:44:22","date_gmt":"2024-01-18T09:44:22","guid":{"rendered":"https:\/\/www.appartamenticostadelsole.com\/costa-del-sole\/"},"modified":"2024-02-27T14:52:18","modified_gmt":"2024-02-27T13:52:18","slug":"costa-del-sole","status":"publish","type":"page","link":"https:\/\/www.appartamenticostadelsole.com\/de\/costa-del-sole\/","title":{"rendered":"Costa del Sole"},"content":{"rendered":"\t\t<div data-elementor-type=\"wp-page\" data-elementor-id=\"20076\" class=\"elementor elementor-20076 elementor-4899\">\n\t\t\t\t\t\t<section class=\"elementor-section elementor-top-section elementor-element elementor-element-3a084e50 elementor-section-full_width elementor-section-stretched page-title-section elementor-section-height-default elementor-section-height-default\" data-id=\"3a084e50\" data-element_type=\"section\" data-e-type=\"section\" data-settings=\"{&quot;stretch_section&quot;:&quot;section-stretched&quot;,&quot;background_background&quot;:&quot;classic&quot;}\">\n\t\t\t\t\t\t\t<div class=\"elementor-background-overlay\"><\/div>\n\t\t\t\t\t\t\t<div class=\"elementor-container elementor-column-gap-extended\">\n\t\t\t\t\t<div class=\"elementor-column elementor-col-100 elementor-top-column elementor-element elementor-element-46654944\" data-id=\"46654944\" data-element_type=\"column\" data-e-type=\"column\">\n\t\t\t<div class=\"elementor-widget-wrap elementor-element-populated\">\n\t\t\t\t\t\t<div class=\"elementor-element elementor-element-672278f9 elementor-widget elementor-widget-spacer\" data-id=\"672278f9\" data-element_type=\"widget\" data-e-type=\"widget\" data-widget_type=\"spacer.default\">\n\t\t\t\t<div class=\"elementor-widget-container\">\n\t\t\t\t\t\t\t<div class=\"elementor-spacer\">\n\t\t\t<div class=\"elementor-spacer-inner\"><\/div>\n\t\t<\/div>\n\t\t\t\t\t\t<\/div>\n\t\t\t\t<\/div>\n\t\t\t\t\t<\/div>\n\t\t<\/div>\n\t\t\t\t\t<\/div>\n\t\t<\/section>\n\t\t\t\t<section class=\"elementor-section elementor-top-section elementor-element elementor-element-5ea84fc0 elementor-section-stretched elementor-section-full_width elementor-section-height-default elementor-section-height-default\" data-id=\"5ea84fc0\" data-element_type=\"section\" data-e-type=\"section\" data-settings=\"{&quot;stretch_section&quot;:&quot;section-stretched&quot;}\">\n\t\t\t\t\t\t<div class=\"elementor-container elementor-column-gap-extended\">\n\t\t\t\t\t<div class=\"elementor-column elementor-col-100 elementor-top-column elementor-element elementor-element-7f25a5c4\" data-id=\"7f25a5c4\" data-element_type=\"column\" data-e-type=\"column\">\n\t\t\t<div class=\"elementor-widget-wrap elementor-element-populated\">\n\t\t\t\t\t\t<section class=\"elementor-section elementor-inner-section elementor-element elementor-element-733ab98b elementor-section-content-middle elementor-section-boxed elementor-section-height-default elementor-section-height-default\" data-id=\"733ab98b\" data-element_type=\"section\" data-e-type=\"section\">\n\t\t\t\t\t\t<div class=\"elementor-container elementor-column-gap-no\">\n\t\t\t\t\t<div class=\"elementor-column elementor-col-100 elementor-inner-column elementor-element elementor-element-2edb5d0f\" data-id=\"2edb5d0f\" data-element_type=\"column\" data-e-type=\"column\">\n\t\t\t<div class=\"elementor-widget-wrap elementor-element-populated\">\n\t\t\t\t\t\t<div class=\"elementor-element elementor-element-67622572 mb-0 elementor-widget elementor-widget-text-editor\" data-id=\"67622572\" data-element_type=\"widget\" data-e-type=\"widget\" data-widget_type=\"text-editor.default\">\n\t\t\t\t<div class=\"elementor-widget-container\">\n\t\t\t\t\t\t\t\t\t<div class=\"heading-style01 mb-1-9 mb-xl-5\"><p><span class=\"small-text\">DIE STR\u00c4NDE<\/span><\/p><h2 class=\"display-5\">Costa del Sole<\/h2><\/div>\t\t\t\t\t\t\t\t<\/div>\n\t\t\t\t<\/div>\n\t\t\t\t<div class=\"elementor-element elementor-element-c8b82f6 mb-0 elementor-widget elementor-widget-text-editor\" data-id=\"c8b82f6\" data-element_type=\"widget\" data-e-type=\"widget\" data-widget_type=\"text-editor.default\">\n\t\t\t\t<div class=\"elementor-widget-container\">\n\t\t\t\t\t\t\t\t\t<p class=\"mb-4\">Der Name <strong>Costa del Sole<\/strong> heisst bersetzt die Sonnenk\u00fcste. Sie ist ca. 10 km lang und befindet sich auf der westlichen Seite der Insel Elba. Das Leben der Bewohner und Besucher spielt sich haupts\u00e4chlich in den D\u00f6rfern <strong>Chiessi, Pomonte, Fetovaia, Seccheto, Cavoli und Colle d&#8217;Orano<\/strong>, welche eine Strasse mit Panoramablick miteinander verbindet.<\/p>\n<p class=\"mb-4\">Von dieser Hauptstrasse f\u00fchren immer wieder Nebenstrassen zum Meer oder den Berg hinauf, wo es <strong>viele Wanderwege<\/strong> gibt. Der Panoramablick \u00fcber das Toskanische Archipel ist Atemberaubend. Die K\u00fcste bietet vielseitige <strong>Str\u00e4nde<\/strong>, wie Sand, <strong>Granitfelsen<\/strong> und einsame kleine Buchten, welche mehrheitlich zu Fuss oder via Meer erreichbar sind. Mit Sicherheit verbringt man in diesen Buchten unvergessliche Stunden und sieht die sch\u00f6nsten Sonnenunterg\u00e4nge.<\/p>\n<p class=\"mb-4\">Hier ist es m\u00f6glich einen abwechslungsreichen Urlaub zu verbringen. Man kann am Strand baden und die Sonne geniessen, bei langen Spazierg\u00e4ngen die Natur kennenlernen, auf die Berge wandern, die Felsen hochklettern oder einfach nur die Farben und D\u00fcfte des Mittelsmeeres <strong>geniessen<\/strong>. In der wilden <strong>Natur<\/strong> finden Sie vorallem Rosmarin, Lavendel und Ginster, welche wunderbar duften. Die &#8220;Costa del Sole k\u00fcmmert sich sehr um die Touristen mit Infobl\u00e4tter \u00fcber die Geschichte der <strong>Insel Elba<\/strong>, wie die Granitverarbeitung oder der Wein-Terrassenbau.<\/p>\n<p class=\"mb-0\">Die <strong>Ferienwohnungen<\/strong> &#8220;Costa del Sole&#8221; befinden sich in Seccheto und in Fetovaia.<\/p>\t\t\t\t\t\t\t\t<\/div>\n\t\t\t\t<\/div>\n\t\t\t\t\t<\/div>\n\t\t<\/div>\n\t\t\t\t\t<\/div>\n\t\t<\/section>\n\t\t\t\t\t<\/div>\n\t\t<\/div>\n\t\t\t\t\t<\/div>\n\t\t<\/section>\n\t\t\t\t<section class=\"elementor-section elementor-top-section elementor-element elementor-element-69ca5570 elementor-section-full_width elementor-section-stretched elementor-section-height-default elementor-section-height-default\" data-id=\"69ca5570\" data-element_type=\"section\" data-e-type=\"section\" data-settings=\"{&quot;stretch_section&quot;:&quot;section-stretched&quot;,&quot;background_background&quot;:&quot;classic&quot;}\">\n\t\t\t\t\t\t\t<div class=\"elementor-background-overlay\"><\/div>\n\t\t\t\t\t\t\t<div class=\"elementor-container elementor-column-gap-extended\">\n\t\t\t\t\t<div class=\"elementor-column elementor-col-100 elementor-top-column elementor-element elementor-element-1ce1b5b8\" data-id=\"1ce1b5b8\" data-element_type=\"column\" data-e-type=\"column\">\n\t\t\t<div class=\"elementor-widget-wrap elementor-element-populated\">\n\t\t\t\t\t\t<section class=\"elementor-section elementor-inner-section elementor-element elementor-element-6bb151a3 elementor-section-boxed elementor-section-height-default elementor-section-height-default\" data-id=\"6bb151a3\" data-element_type=\"section\" data-e-type=\"section\">\n\t\t\t\t\t\t<div class=\"elementor-container elementor-column-gap-no\">\n\t\t\t\t\t<div class=\"elementor-column elementor-col-100 elementor-inner-column elementor-element elementor-element-34990028\" data-id=\"34990028\" data-element_type=\"column\" data-e-type=\"column\">\n\t\t\t<div class=\"elementor-widget-wrap elementor-element-populated\">\n\t\t\t\t\t\t<div class=\"elementor-element elementor-element-7707507a elementor-widget__width-auto mx-auto elementor-widget elementor-widget-text-editor\" data-id=\"7707507a\" data-element_type=\"widget\" data-e-type=\"widget\" data-widget_type=\"text-editor.default\">\n\t\t\t\t<div class=\"elementor-widget-container\">\n\t\t\t\t\t\t\t\t\t<div class=\"story-video z-index-3 position-relative text-center\"><a class=\"video video_btn bg-secondary\" href=\"https:\/\/vimeo.com\/71406250\">\n<i class=\"fa fa-play\"><\/i>\n<\/a><\/div>\t\t\t\t\t\t\t\t<\/div>\n\t\t\t\t<\/div>\n\t\t\t\t\t<\/div>\n\t\t<\/div>\n\t\t\t\t\t<\/div>\n\t\t<\/section>\n\t\t\t\t\t<\/div>\n\t\t<\/div>\n\t\t\t\t\t<\/div>\n\t\t<\/section>\n\t\t\t\t<\/div>\n\t\t","protected":false},"excerpt":{"rendered":"<p>DIE STR\u00c4NDE Costa del Sole Der Name Costa del Sole heisst bersetzt die Sonnenk\u00fcste. Sie ist ca. 10 km lang und befindet sich auf der westlichen Seite der Insel Elba. Das Leben der Bewohner und Besucher spielt sich haupts\u00e4chlich in den D\u00f6rfern Chiessi, Pomonte, Fetovaia, Seccheto, Cavoli und Colle d&#8217;Orano, welche eine Strasse mit Panoramablick [&hellip;]<\/p>\n","protected":false},"author":1,"featured_media":0,"parent":0,"menu_order":7,"comment_status":"closed","ping_status":"closed","template":"page-templates\/home.php","meta":{"_joinchat":[],"footnotes":""},"class_list":["post-20076","page","type-page","status-publish","hentry"],"yoast_head":"<!-- This site is optimized with the Yoast SEO plugin v27.4 - https:\/\/yoast.com\/product\/yoast-seo-wordpress\/ -->\n<title>Costa del Sole - Ferienwohnungen Costa del Sole, Insel Elba<\/title>\n<meta name=\"robots\" content=\"index, follow, max-snippet:-1, max-image-preview:large, max-video-preview:-1\" \/>\n<link rel=\"canonical\" href=\"https:\/\/www.appartamenticostadelsole.com\/de\/costa-del-sole\/\" \/>\n<meta property=\"og:locale\" content=\"de_DE\" \/>\n<meta property=\"og:type\" content=\"article\" \/>\n<meta property=\"og:title\" content=\"Costa del Sole - Ferienwohnungen Costa del Sole, Insel Elba\" \/>\n<meta property=\"og:description\" content=\"DIE STR\u00c4NDE Costa del Sole Der Name Costa del Sole heisst bersetzt die Sonnenk\u00fcste. Sie ist ca. 10 km lang und befindet sich auf der westlichen Seite der Insel Elba. Das Leben der Bewohner und Besucher spielt sich haupts\u00e4chlich in den D\u00f6rfern Chiessi, Pomonte, Fetovaia, Seccheto, Cavoli und Colle d&#8217;Orano, welche eine Strasse mit Panoramablick [&hellip;]\" \/>\n<meta property=\"og:url\" content=\"https:\/\/www.appartamenticostadelsole.com\/de\/costa-del-sole\/\" \/>\n<meta property=\"og:site_name\" content=\"Ferienwohnungen Costa del Sole\" \/>\n<meta property=\"article:modified_time\" content=\"2024-02-27T13:52:18+00:00\" \/>\n<meta property=\"og:image\" content=\"https:\/\/www.appartamenticostadelsole.com\/wp-content\/uploads\/cropped-appartamenti_costa_del_sole_q.png\" \/>\n\t<meta property=\"og:image:width\" content=\"512\" \/>\n\t<meta property=\"og:image:height\" content=\"512\" \/>\n\t<meta property=\"og:image:type\" content=\"image\/png\" \/>\n<meta name=\"twitter:card\" content=\"summary_large_image\" \/>\n<meta name=\"twitter:label1\" content=\"Gesch\u00e4tzte Lesezeit\" \/>\n\t<meta name=\"twitter:data1\" content=\"1\u00a0Minute\" \/>\n<script type=\"application\/ld+json\" class=\"yoast-schema-graph\">{\"@context\":\"https:\\\/\\\/schema.org\",\"@graph\":[{\"@type\":\"WebPage\",\"@id\":\"https:\\\/\\\/www.appartamenticostadelsole.com\\\/de\\\/costa-del-sole\\\/\",\"url\":\"https:\\\/\\\/www.appartamenticostadelsole.com\\\/de\\\/costa-del-sole\\\/\",\"name\":\"Costa del Sole - Ferienwohnungen Costa del Sole, Insel Elba\",\"isPartOf\":{\"@id\":\"https:\\\/\\\/www.appartamenticostadelsole.com\\\/de\\\/#website\"},\"datePublished\":\"2024-01-18T09:44:22+00:00\",\"dateModified\":\"2024-02-27T13:52:18+00:00\",\"breadcrumb\":{\"@id\":\"https:\\\/\\\/www.appartamenticostadelsole.com\\\/de\\\/costa-del-sole\\\/#breadcrumb\"},\"inLanguage\":\"de\",\"potentialAction\":[{\"@type\":\"ReadAction\",\"target\":[\"https:\\\/\\\/www.appartamenticostadelsole.com\\\/de\\\/costa-del-sole\\\/\"]}]},{\"@type\":\"BreadcrumbList\",\"@id\":\"https:\\\/\\\/www.appartamenticostadelsole.com\\\/de\\\/costa-del-sole\\\/#breadcrumb\",\"itemListElement\":[{\"@type\":\"ListItem\",\"position\":1,\"name\":\"Home\",\"item\":\"https:\\\/\\\/www.appartamenticostadelsole.com\\\/de\\\/\"},{\"@type\":\"ListItem\",\"position\":2,\"name\":\"Costa del Sole\"}]},{\"@type\":\"WebSite\",\"@id\":\"https:\\\/\\\/www.appartamenticostadelsole.com\\\/de\\\/#website\",\"url\":\"https:\\\/\\\/www.appartamenticostadelsole.com\\\/de\\\/\",\"name\":\"Appartamenti Costa del Sole\",\"description\":\"Insel Elba Ferienwohnungen\",\"potentialAction\":[{\"@type\":\"SearchAction\",\"target\":{\"@type\":\"EntryPoint\",\"urlTemplate\":\"https:\\\/\\\/www.appartamenticostadelsole.com\\\/de\\\/?s={search_term_string}\"},\"query-input\":{\"@type\":\"PropertyValueSpecification\",\"valueRequired\":true,\"valueName\":\"search_term_string\"}}],\"inLanguage\":\"de\"}]}<\/script>\n<!-- \/ Yoast SEO plugin. -->","yoast_head_json":{"title":"Costa del Sole - Ferienwohnungen Costa del Sole, Insel Elba","robots":{"index":"index","follow":"follow","max-snippet":"max-snippet:-1","max-image-preview":"max-image-preview:large","max-video-preview":"max-video-preview:-1"},"canonical":"https:\/\/www.appartamenticostadelsole.com\/de\/costa-del-sole\/","og_locale":"de_DE","og_type":"article","og_title":"Costa del Sole - Ferienwohnungen Costa del Sole, Insel Elba","og_description":"DIE STR\u00c4NDE Costa del Sole Der Name Costa del Sole heisst bersetzt die Sonnenk\u00fcste. Sie ist ca. 10 km lang und befindet sich auf der westlichen Seite der Insel Elba. Das Leben der Bewohner und Besucher spielt sich haupts\u00e4chlich in den D\u00f6rfern Chiessi, Pomonte, Fetovaia, Seccheto, Cavoli und Colle d&#8217;Orano, welche eine Strasse mit Panoramablick [&hellip;]","og_url":"https:\/\/www.appartamenticostadelsole.com\/de\/costa-del-sole\/","og_site_name":"Ferienwohnungen Costa del Sole","article_modified_time":"2024-02-27T13:52:18+00:00","og_image":[{"width":512,"height":512,"url":"https:\/\/www.appartamenticostadelsole.com\/wp-content\/uploads\/cropped-appartamenti_costa_del_sole_q.png","type":"image\/png"}],"twitter_card":"summary_large_image","twitter_misc":{"Gesch\u00e4tzte Lesezeit":"1\u00a0Minute"},"schema":{"@context":"https:\/\/schema.org","@graph":[{"@type":"WebPage","@id":"https:\/\/www.appartamenticostadelsole.com\/de\/costa-del-sole\/","url":"https:\/\/www.appartamenticostadelsole.com\/de\/costa-del-sole\/","name":"Costa del Sole - Ferienwohnungen Costa del Sole, Insel Elba","isPartOf":{"@id":"https:\/\/www.appartamenticostadelsole.com\/de\/#website"},"datePublished":"2024-01-18T09:44:22+00:00","dateModified":"2024-02-27T13:52:18+00:00","breadcrumb":{"@id":"https:\/\/www.appartamenticostadelsole.com\/de\/costa-del-sole\/#breadcrumb"},"inLanguage":"de","potentialAction":[{"@type":"ReadAction","target":["https:\/\/www.appartamenticostadelsole.com\/de\/costa-del-sole\/"]}]},{"@type":"BreadcrumbList","@id":"https:\/\/www.appartamenticostadelsole.com\/de\/costa-del-sole\/#breadcrumb","itemListElement":[{"@type":"ListItem","position":1,"name":"Home","item":"https:\/\/www.appartamenticostadelsole.com\/de\/"},{"@type":"ListItem","position":2,"name":"Costa del Sole"}]},{"@type":"WebSite","@id":"https:\/\/www.appartamenticostadelsole.com\/de\/#website","url":"https:\/\/www.appartamenticostadelsole.com\/de\/","name":"Appartamenti Costa del Sole","description":"Insel Elba Ferienwohnungen","potentialAction":[{"@type":"SearchAction","target":{"@type":"EntryPoint","urlTemplate":"https:\/\/www.appartamenticostadelsole.com\/de\/?s={search_term_string}"},"query-input":{"@type":"PropertyValueSpecification","valueRequired":true,"valueName":"search_term_string"}}],"inLanguage":"de"}]}},"_links":{"self":[{"href":"https:\/\/www.appartamenticostadelsole.com\/de\/wp-json\/wp\/v2\/pages\/20076","targetHints":{"allow":["GET"]}}],"collection":[{"href":"https:\/\/www.appartamenticostadelsole.com\/de\/wp-json\/wp\/v2\/pages"}],"about":[{"href":"https:\/\/www.appartamenticostadelsole.com\/de\/wp-json\/wp\/v2\/types\/page"}],"author":[{"embeddable":true,"href":"https:\/\/www.appartamenticostadelsole.com\/de\/wp-json\/wp\/v2\/users\/1"}],"replies":[{"embeddable":true,"href":"https:\/\/www.appartamenticostadelsole.com\/de\/wp-json\/wp\/v2\/comments?post=20076"}],"version-history":[{"count":10,"href":"https:\/\/www.appartamenticostadelsole.com\/de\/wp-json\/wp\/v2\/pages\/20076\/revisions"}],"predecessor-version":[{"id":20754,"href":"https:\/\/www.appartamenticostadelsole.com\/de\/wp-json\/wp\/v2\/pages\/20076\/revisions\/20754"}],"wp:attachment":[{"href":"https:\/\/www.appartamenticostadelsole.com\/de\/wp-json\/wp\/v2\/media?parent=20076"}],"curies":[{"name":"wp","href":"https:\/\/api.w.org\/{rel}","templated":true}]}}