{"id":20084,"date":"2024-01-26T17:06:36","date_gmt":"2024-01-26T16:06:36","guid":{"rendered":"https:\/\/www.appartamenticostadelsole.com\/fetovaia\/"},"modified":"2024-02-27T14:52:58","modified_gmt":"2024-02-27T13:52:58","slug":"fetovaia","status":"publish","type":"page","link":"https:\/\/www.appartamenticostadelsole.com\/de\/fetovaia\/","title":{"rendered":"Fetovaia"},"content":{"rendered":"\t\t<div data-elementor-type=\"wp-page\" data-elementor-id=\"20084\" class=\"elementor elementor-20084 elementor-18595\">\n\t\t\t\t\t\t<section class=\"elementor-section elementor-top-section elementor-element elementor-element-3a084e50 elementor-section-full_width elementor-section-stretched page-title-section elementor-section-height-default elementor-section-height-default\" data-id=\"3a084e50\" data-element_type=\"section\" data-e-type=\"section\" data-settings=\"{&quot;stretch_section&quot;:&quot;section-stretched&quot;,&quot;background_background&quot;:&quot;classic&quot;}\">\n\t\t\t\t\t\t\t<div class=\"elementor-background-overlay\"><\/div>\n\t\t\t\t\t\t\t<div class=\"elementor-container elementor-column-gap-extended\">\n\t\t\t\t\t<div class=\"elementor-column elementor-col-100 elementor-top-column elementor-element elementor-element-46654944\" data-id=\"46654944\" data-element_type=\"column\" data-e-type=\"column\">\n\t\t\t<div class=\"elementor-widget-wrap elementor-element-populated\">\n\t\t\t\t\t\t<div class=\"elementor-element elementor-element-672278f9 elementor-widget elementor-widget-spacer\" data-id=\"672278f9\" data-element_type=\"widget\" data-e-type=\"widget\" data-widget_type=\"spacer.default\">\n\t\t\t\t<div class=\"elementor-widget-container\">\n\t\t\t\t\t\t\t<div class=\"elementor-spacer\">\n\t\t\t<div class=\"elementor-spacer-inner\"><\/div>\n\t\t<\/div>\n\t\t\t\t\t\t<\/div>\n\t\t\t\t<\/div>\n\t\t\t\t\t<\/div>\n\t\t<\/div>\n\t\t\t\t\t<\/div>\n\t\t<\/section>\n\t\t\t\t<section class=\"elementor-section elementor-top-section elementor-element elementor-element-5ea84fc0 elementor-section-stretched elementor-section-full_width elementor-section-height-default elementor-section-height-default\" data-id=\"5ea84fc0\" data-element_type=\"section\" data-e-type=\"section\" data-settings=\"{&quot;stretch_section&quot;:&quot;section-stretched&quot;}\">\n\t\t\t\t\t\t<div class=\"elementor-container elementor-column-gap-extended\">\n\t\t\t\t\t<div class=\"elementor-column elementor-col-100 elementor-top-column elementor-element elementor-element-7f25a5c4\" data-id=\"7f25a5c4\" data-element_type=\"column\" data-e-type=\"column\">\n\t\t\t<div class=\"elementor-widget-wrap elementor-element-populated\">\n\t\t\t\t\t\t<section class=\"elementor-section elementor-inner-section elementor-element elementor-element-733ab98b elementor-section-content-middle elementor-section-boxed elementor-section-height-default elementor-section-height-default\" data-id=\"733ab98b\" data-element_type=\"section\" data-e-type=\"section\">\n\t\t\t\t\t\t<div class=\"elementor-container elementor-column-gap-no\">\n\t\t\t\t\t<div class=\"elementor-column elementor-col-100 elementor-inner-column elementor-element elementor-element-2edb5d0f\" data-id=\"2edb5d0f\" data-element_type=\"column\" data-e-type=\"column\">\n\t\t\t<div class=\"elementor-widget-wrap elementor-element-populated\">\n\t\t\t\t\t\t<div class=\"elementor-element elementor-element-67622572 mb-0 elementor-widget elementor-widget-text-editor\" data-id=\"67622572\" data-element_type=\"widget\" data-e-type=\"widget\" data-widget_type=\"text-editor.default\">\n\t\t\t\t<div class=\"elementor-widget-container\">\n\t\t\t\t\t\t\t\t\t<div class=\"heading-style01 mb-1-9 mb-xl-5\"><p><span class=\"small-text\">Insel Elba<\/span><\/p><h2 class=\"display-5\">Fetovaia<\/h2><\/div>\t\t\t\t\t\t\t\t<\/div>\n\t\t\t\t<\/div>\n\t\t\t\t<div class=\"elementor-element elementor-element-c8b82f6 mb-0 elementor-widget elementor-widget-text-editor\" data-id=\"c8b82f6\" data-element_type=\"widget\" data-e-type=\"widget\" data-widget_type=\"text-editor.default\">\n\t\t\t\t<div class=\"elementor-widget-container\">\n\t\t\t\t\t\t\t\t\t<p>Der bekannte <strong>Ferienort Fetovaia<\/strong> besteht aus einem wundersch\u00f6nen wei\u00dfen Sandstrand. Die Bucht ist umgeben und gesch\u00fctzt von einer langen Halbinsel. Der Strand erstreckt sich \u00fcber ca. 420m und bietet ein <strong>glasklares Meerwasser<\/strong>. Der sandige Boden wird nur langsam tiefer.<br \/><br \/>Am Strand finden Sie Badeanstalten, welche Sonnenschirme und Liegen vermietet. Ausserdem befindet sich eine Surfschule, ein Bootsverleih und ein Restaurant mit Bar am Strand.<\/p>\t\t\t\t\t\t\t\t<\/div>\n\t\t\t\t<\/div>\n\t\t\t\t\t<\/div>\n\t\t<\/div>\n\t\t\t\t\t<\/div>\n\t\t<\/section>\n\t\t\t\t\t<\/div>\n\t\t<\/div>\n\t\t\t\t\t<\/div>\n\t\t<\/section>\n\t\t\t\t<section class=\"elementor-section elementor-top-section elementor-element elementor-element-294e638a elementor-section-stretched elementor-section-full_width elementor-section-height-default elementor-section-height-default\" data-id=\"294e638a\" data-element_type=\"section\" data-e-type=\"section\" data-settings=\"{&quot;stretch_section&quot;:&quot;section-stretched&quot;,&quot;background_background&quot;:&quot;classic&quot;}\">\n\t\t\t\t\t\t<div class=\"elementor-container elementor-column-gap-extended\">\n\t\t\t\t\t<div class=\"elementor-column elementor-col-100 elementor-top-column elementor-element elementor-element-2756ceae\" data-id=\"2756ceae\" data-element_type=\"column\" data-e-type=\"column\">\n\t\t\t<div class=\"elementor-widget-wrap elementor-element-populated\">\n\t\t\t\t\t\t<section class=\"elementor-section elementor-inner-section elementor-element elementor-element-7ca5b78d elementor-section-content-middle elementor-section-boxed elementor-section-height-default elementor-section-height-default\" data-id=\"7ca5b78d\" data-element_type=\"section\" data-e-type=\"section\">\n\t\t\t\t\t\t<div class=\"elementor-container elementor-column-gap-no\">\n\t\t\t\t\t<div class=\"elementor-column elementor-col-100 elementor-inner-column elementor-element elementor-element-50aaece0\" data-id=\"50aaece0\" data-element_type=\"column\" data-e-type=\"column\">\n\t\t\t<div class=\"elementor-widget-wrap elementor-element-populated\">\n\t\t\t\t\t\t<div class=\"elementor-element elementor-element-3f4ba03e elementor-arrows-position-outside elementor-widget elementor-widget-image-carousel\" data-id=\"3f4ba03e\" data-element_type=\"widget\" data-e-type=\"widget\" data-settings=\"{&quot;slides_to_show&quot;:&quot;4&quot;,&quot;autoplay&quot;:&quot;no&quot;,&quot;slides_to_show_tablet&quot;:&quot;3&quot;,&quot;slides_to_show_mobile&quot;:&quot;1&quot;,&quot;slides_to_scroll&quot;:&quot;1&quot;,&quot;navigation&quot;:&quot;arrows&quot;,&quot;infinite&quot;:&quot;no&quot;,&quot;image_spacing_custom&quot;:{&quot;unit&quot;:&quot;px&quot;,&quot;size&quot;:10,&quot;sizes&quot;:[]},&quot;speed&quot;:500,&quot;image_spacing_custom_widescreen&quot;:{&quot;unit&quot;:&quot;px&quot;,&quot;size&quot;:&quot;&quot;,&quot;sizes&quot;:[]},&quot;image_spacing_custom_laptop&quot;:{&quot;unit&quot;:&quot;px&quot;,&quot;size&quot;:&quot;&quot;,&quot;sizes&quot;:[]},&quot;image_spacing_custom_tablet_extra&quot;:{&quot;unit&quot;:&quot;px&quot;,&quot;size&quot;:&quot;&quot;,&quot;sizes&quot;:[]},&quot;image_spacing_custom_tablet&quot;:{&quot;unit&quot;:&quot;px&quot;,&quot;size&quot;:&quot;&quot;,&quot;sizes&quot;:[]},&quot;image_spacing_custom_mobile_extra&quot;:{&quot;unit&quot;:&quot;px&quot;,&quot;size&quot;:&quot;&quot;,&quot;sizes&quot;:[]}}\" data-widget_type=\"image-carousel.default\">\n\t\t\t\t<div class=\"elementor-widget-container\">\n\t\t\t\t\t\t\t<div class=\"elementor-image-carousel-wrapper swiper\" role=\"region\" aria-roledescription=\"carousel\" aria-label=\"Bild Karussell\" dir=\"ltr\">\n\t\t\t<div class=\"elementor-image-carousel swiper-wrapper\" aria-live=\"polite\">\n\t\t\t\t\t\t\t\t<div class=\"swiper-slide\" role=\"group\" aria-roledescription=\"slide\" aria-label=\"1 von 4\"><a data-elementor-open-lightbox=\"yes\" data-elementor-lightbox-slideshow=\"3f4ba03e\" data-elementor-lightbox-title=\"Fetovaia\" data-e-action-hash=\"#elementor-action%3Aaction%3Dlightbox%26settings%3DeyJpZCI6MTk2NjIsInVybCI6Imh0dHBzOlwvXC93d3cuYXBwYXJ0YW1lbnRpY29zdGFkZWxzb2xlLmNvbVwvd3AtY29udGVudFwvdXBsb2Fkc1wvZmV0b3ZhaWFfZ2FsZXJpZV8xLmpwZyIsInNsaWRlc2hvdyI6IjNmNGJhMDNlIn0%3D\" href=\"https:\/\/www.appartamenticostadelsole.com\/wp-content\/uploads\/fetovaia_galerie_1.jpg\"><figure class=\"swiper-slide-inner\"><img decoding=\"async\" class=\"swiper-slide-image\" src=\"https:\/\/www.appartamenticostadelsole.com\/wp-content\/uploads\/fetovaia_galerie_1-300x225.jpg\" alt=\"Fetovaia\" \/><\/figure><\/a><\/div><div class=\"swiper-slide\" role=\"group\" aria-roledescription=\"slide\" aria-label=\"2 von 4\"><a data-elementor-open-lightbox=\"yes\" data-elementor-lightbox-slideshow=\"3f4ba03e\" data-elementor-lightbox-title=\"Fetovaia\" data-e-action-hash=\"#elementor-action%3Aaction%3Dlightbox%26settings%3DeyJpZCI6MTk2NjQsInVybCI6Imh0dHBzOlwvXC93d3cuYXBwYXJ0YW1lbnRpY29zdGFkZWxzb2xlLmNvbVwvd3AtY29udGVudFwvdXBsb2Fkc1wvZmV0b3ZhaWFfZ2FsZXJpZV8yLmpwZyIsInNsaWRlc2hvdyI6IjNmNGJhMDNlIn0%3D\" href=\"https:\/\/www.appartamenticostadelsole.com\/wp-content\/uploads\/fetovaia_galerie_2.jpg\"><figure class=\"swiper-slide-inner\"><img decoding=\"async\" class=\"swiper-slide-image\" src=\"https:\/\/www.appartamenticostadelsole.com\/wp-content\/uploads\/fetovaia_galerie_2-300x225.jpg\" alt=\"Fetovaia\" \/><\/figure><\/a><\/div><div class=\"swiper-slide\" role=\"group\" aria-roledescription=\"slide\" aria-label=\"3 von 4\"><a data-elementor-open-lightbox=\"yes\" data-elementor-lightbox-slideshow=\"3f4ba03e\" data-elementor-lightbox-title=\"Fetovaia\" data-e-action-hash=\"#elementor-action%3Aaction%3Dlightbox%26settings%3DeyJpZCI6MTk2NjYsInVybCI6Imh0dHBzOlwvXC93d3cuYXBwYXJ0YW1lbnRpY29zdGFkZWxzb2xlLmNvbVwvd3AtY29udGVudFwvdXBsb2Fkc1wvZmV0b3ZhaWFfZ2FsZXJpZV8zLmpwZyIsInNsaWRlc2hvdyI6IjNmNGJhMDNlIn0%3D\" href=\"https:\/\/www.appartamenticostadelsole.com\/wp-content\/uploads\/fetovaia_galerie_3.jpg\"><figure class=\"swiper-slide-inner\"><img decoding=\"async\" class=\"swiper-slide-image\" src=\"https:\/\/www.appartamenticostadelsole.com\/wp-content\/uploads\/fetovaia_galerie_3-300x225.jpg\" alt=\"Fetovaia\" \/><\/figure><\/a><\/div><div class=\"swiper-slide\" role=\"group\" aria-roledescription=\"slide\" aria-label=\"4 von 4\"><a data-elementor-open-lightbox=\"yes\" data-elementor-lightbox-slideshow=\"3f4ba03e\" data-elementor-lightbox-title=\"Fetovaia\" data-e-action-hash=\"#elementor-action%3Aaction%3Dlightbox%26settings%3DeyJpZCI6MTk2NjgsInVybCI6Imh0dHBzOlwvXC93d3cuYXBwYXJ0YW1lbnRpY29zdGFkZWxzb2xlLmNvbVwvd3AtY29udGVudFwvdXBsb2Fkc1wvZmV0b3ZhaWFfZ2FsZXJpZV80LmpwZyIsInNsaWRlc2hvdyI6IjNmNGJhMDNlIn0%3D\" href=\"https:\/\/www.appartamenticostadelsole.com\/wp-content\/uploads\/fetovaia_galerie_4.jpg\"><figure class=\"swiper-slide-inner\"><img decoding=\"async\" class=\"swiper-slide-image\" src=\"https:\/\/www.appartamenticostadelsole.com\/wp-content\/uploads\/fetovaia_galerie_4-300x225.jpg\" alt=\"Fetovaia\" \/><\/figure><\/a><\/div>\t\t\t<\/div>\n\t\t\t\t\t\t\t\t\t\t\t\t<div class=\"elementor-swiper-button elementor-swiper-button-prev\" role=\"button\" tabindex=\"0\">\n\t\t\t\t\t\t<svg aria-hidden=\"true\" class=\"e-font-icon-svg e-eicon-chevron-left\" viewBox=\"0 0 1000 1000\" xmlns=\"http:\/\/www.w3.org\/2000\/svg\"><path d=\"M646 125C629 125 613 133 604 142L308 442C296 454 292 471 292 487 292 504 296 521 308 533L604 854C617 867 629 875 646 875 663 875 679 871 692 858 704 846 713 829 713 812 713 796 708 779 692 767L438 487 692 225C700 217 708 204 708 187 708 171 704 154 692 142 675 129 663 125 646 125Z\"><\/path><\/svg>\t\t\t\t\t<\/div>\n\t\t\t\t\t<div class=\"elementor-swiper-button elementor-swiper-button-next\" role=\"button\" tabindex=\"0\">\n\t\t\t\t\t\t<svg aria-hidden=\"true\" class=\"e-font-icon-svg e-eicon-chevron-right\" viewBox=\"0 0 1000 1000\" xmlns=\"http:\/\/www.w3.org\/2000\/svg\"><path d=\"M696 533C708 521 713 504 713 487 713 471 708 454 696 446L400 146C388 133 375 125 354 125 338 125 325 129 313 142 300 154 292 171 292 187 292 204 296 221 308 233L563 492 304 771C292 783 288 800 288 817 288 833 296 850 308 863 321 871 338 875 354 875 371 875 388 867 400 854L696 533Z\"><\/path><\/svg>\t\t\t\t\t<\/div>\n\t\t\t\t\n\t\t\t\t\t\t\t\t\t<\/div>\n\t\t\t\t\t\t<\/div>\n\t\t\t\t<\/div>\n\t\t\t\t\t<\/div>\n\t\t<\/div>\n\t\t\t\t\t<\/div>\n\t\t<\/section>\n\t\t\t\t\t<\/div>\n\t\t<\/div>\n\t\t\t\t\t<\/div>\n\t\t<\/section>\n\t\t\t\t<section class=\"elementor-section elementor-top-section elementor-element elementor-element-5d5cd82 elementor-section-stretched elementor-section-full_width elementor-section-height-default elementor-section-height-default\" data-id=\"5d5cd82\" data-element_type=\"section\" data-e-type=\"section\" data-settings=\"{&quot;stretch_section&quot;:&quot;section-stretched&quot;}\">\n\t\t\t\t\t\t<div class=\"elementor-container elementor-column-gap-extended\">\n\t\t\t\t\t<div class=\"elementor-column elementor-col-100 elementor-top-column elementor-element elementor-element-f5fe50b\" data-id=\"f5fe50b\" data-element_type=\"column\" data-e-type=\"column\">\n\t\t\t<div class=\"elementor-widget-wrap elementor-element-populated\">\n\t\t\t\t\t\t<section class=\"elementor-section elementor-inner-section elementor-element elementor-element-35abf33 elementor-section-content-middle elementor-section-boxed elementor-section-height-default elementor-section-height-default\" data-id=\"35abf33\" data-element_type=\"section\" data-e-type=\"section\">\n\t\t\t\t\t\t<div class=\"elementor-container elementor-column-gap-no\">\n\t\t\t\t\t<div class=\"elementor-column elementor-col-100 elementor-inner-column elementor-element elementor-element-437fb50\" data-id=\"437fb50\" data-element_type=\"column\" data-e-type=\"column\">\n\t\t\t<div class=\"elementor-widget-wrap elementor-element-populated\">\n\t\t\t\t\t\t<div class=\"elementor-element elementor-element-e25a432 mb-0 elementor-widget elementor-widget-text-editor\" data-id=\"e25a432\" data-element_type=\"widget\" data-e-type=\"widget\" data-widget_type=\"text-editor.default\">\n\t\t\t\t<div class=\"elementor-widget-container\">\n\t\t\t\t\t\t\t\t\t<div class=\"heading-style01 mb-2\"><span class=\"small-text\">Kuriosit\u00e4t<\/span><\/div>\t\t\t\t\t\t\t\t<\/div>\n\t\t\t\t<\/div>\n\t\t\t\t<div class=\"elementor-element elementor-element-1709c76 mb-0 elementor-widget elementor-widget-text-editor\" data-id=\"1709c76\" data-element_type=\"widget\" data-e-type=\"widget\" data-widget_type=\"text-editor.default\">\n\t\t\t\t<div class=\"elementor-widget-container\">\n\t\t\t\t\t\t\t\t\t<p>Im Sommer 2023 wurde der Strand von den Unechten Karettschildkr\u00f6ten f\u00fcr die Ablage ihrer Eier und die Geburt einer gro\u00dfen Anzahl von Jungtieren ausgew\u00e4hlt.<\/p>\t\t\t\t\t\t\t\t<\/div>\n\t\t\t\t<\/div>\n\t\t\t\t\t<\/div>\n\t\t<\/div>\n\t\t\t\t\t<\/div>\n\t\t<\/section>\n\t\t\t\t\t<\/div>\n\t\t<\/div>\n\t\t\t\t\t<\/div>\n\t\t<\/section>\n\t\t\t\t<\/div>\n\t\t","protected":false},"excerpt":{"rendered":"<p>Insel Elba Fetovaia Der bekannte Ferienort Fetovaia besteht aus einem wundersch\u00f6nen wei\u00dfen Sandstrand. Die Bucht ist umgeben und gesch\u00fctzt von einer langen Halbinsel. Der Strand erstreckt sich \u00fcber ca. 420m und bietet ein glasklares Meerwasser. Der sandige Boden wird nur langsam tiefer. Am Strand finden Sie Badeanstalten, welche Sonnenschirme und Liegen vermietet. Ausserdem befindet sich [&hellip;]<\/p>\n","protected":false},"author":1,"featured_media":0,"parent":0,"menu_order":9,"comment_status":"closed","ping_status":"closed","template":"page-templates\/home.php","meta":{"_joinchat":[],"footnotes":""},"class_list":["post-20084","page","type-page","status-publish","hentry"],"yoast_head":"<!-- This site is optimized with the Yoast SEO plugin v27.4 - https:\/\/yoast.com\/product\/yoast-seo-wordpress\/ -->\n<title>Fetovaia - Ferienwohnungen Costa del Sole, Insel Elba<\/title>\n<meta name=\"robots\" content=\"index, follow, max-snippet:-1, max-image-preview:large, max-video-preview:-1\" \/>\n<link rel=\"canonical\" href=\"https:\/\/www.appartamenticostadelsole.com\/de\/fetovaia\/\" \/>\n<meta property=\"og:locale\" content=\"de_DE\" \/>\n<meta property=\"og:type\" content=\"article\" \/>\n<meta property=\"og:title\" content=\"Fetovaia - Ferienwohnungen Costa del Sole, Insel Elba\" \/>\n<meta property=\"og:description\" content=\"Insel Elba Fetovaia Der bekannte Ferienort Fetovaia besteht aus einem wundersch\u00f6nen wei\u00dfen Sandstrand. Die Bucht ist umgeben und gesch\u00fctzt von einer langen Halbinsel. Der Strand erstreckt sich \u00fcber ca. 420m und bietet ein glasklares Meerwasser. Der sandige Boden wird nur langsam tiefer. Am Strand finden Sie Badeanstalten, welche Sonnenschirme und Liegen vermietet. Ausserdem befindet sich [&hellip;]\" \/>\n<meta property=\"og:url\" content=\"https:\/\/www.appartamenticostadelsole.com\/de\/fetovaia\/\" \/>\n<meta property=\"og:site_name\" content=\"Ferienwohnungen Costa del Sole\" \/>\n<meta property=\"article:modified_time\" content=\"2024-02-27T13:52:58+00:00\" \/>\n<meta property=\"og:image\" content=\"https:\/\/www.appartamenticostadelsole.com\/wp-content\/uploads\/fetovaia_galerie_1-300x225.jpg\" \/>\n<meta name=\"twitter:card\" content=\"summary_large_image\" \/>\n<script type=\"application\/ld+json\" class=\"yoast-schema-graph\">{\"@context\":\"https:\\\/\\\/schema.org\",\"@graph\":[{\"@type\":\"WebPage\",\"@id\":\"https:\\\/\\\/www.appartamenticostadelsole.com\\\/de\\\/fetovaia\\\/\",\"url\":\"https:\\\/\\\/www.appartamenticostadelsole.com\\\/de\\\/fetovaia\\\/\",\"name\":\"Fetovaia - Ferienwohnungen Costa del Sole, Insel Elba\",\"isPartOf\":{\"@id\":\"https:\\\/\\\/www.appartamenticostadelsole.com\\\/de\\\/#website\"},\"primaryImageOfPage\":{\"@id\":\"https:\\\/\\\/www.appartamenticostadelsole.com\\\/de\\\/fetovaia\\\/#primaryimage\"},\"image\":{\"@id\":\"https:\\\/\\\/www.appartamenticostadelsole.com\\\/de\\\/fetovaia\\\/#primaryimage\"},\"thumbnailUrl\":\"https:\\\/\\\/www.appartamenticostadelsole.com\\\/wp-content\\\/uploads\\\/fetovaia_galerie_1-300x225.jpg\",\"datePublished\":\"2024-01-26T16:06:36+00:00\",\"dateModified\":\"2024-02-27T13:52:58+00:00\",\"breadcrumb\":{\"@id\":\"https:\\\/\\\/www.appartamenticostadelsole.com\\\/de\\\/fetovaia\\\/#breadcrumb\"},\"inLanguage\":\"de\",\"potentialAction\":[{\"@type\":\"ReadAction\",\"target\":[\"https:\\\/\\\/www.appartamenticostadelsole.com\\\/de\\\/fetovaia\\\/\"]}]},{\"@type\":\"ImageObject\",\"inLanguage\":\"de\",\"@id\":\"https:\\\/\\\/www.appartamenticostadelsole.com\\\/de\\\/fetovaia\\\/#primaryimage\",\"url\":\"https:\\\/\\\/www.appartamenticostadelsole.com\\\/wp-content\\\/uploads\\\/fetovaia_galerie_1-300x225.jpg\",\"contentUrl\":\"https:\\\/\\\/www.appartamenticostadelsole.com\\\/wp-content\\\/uploads\\\/fetovaia_galerie_1-300x225.jpg\"},{\"@type\":\"BreadcrumbList\",\"@id\":\"https:\\\/\\\/www.appartamenticostadelsole.com\\\/de\\\/fetovaia\\\/#breadcrumb\",\"itemListElement\":[{\"@type\":\"ListItem\",\"position\":1,\"name\":\"Home\",\"item\":\"https:\\\/\\\/www.appartamenticostadelsole.com\\\/de\\\/\"},{\"@type\":\"ListItem\",\"position\":2,\"name\":\"Fetovaia\"}]},{\"@type\":\"WebSite\",\"@id\":\"https:\\\/\\\/www.appartamenticostadelsole.com\\\/de\\\/#website\",\"url\":\"https:\\\/\\\/www.appartamenticostadelsole.com\\\/de\\\/\",\"name\":\"Appartamenti Costa del Sole\",\"description\":\"Insel Elba Ferienwohnungen\",\"potentialAction\":[{\"@type\":\"SearchAction\",\"target\":{\"@type\":\"EntryPoint\",\"urlTemplate\":\"https:\\\/\\\/www.appartamenticostadelsole.com\\\/de\\\/?s={search_term_string}\"},\"query-input\":{\"@type\":\"PropertyValueSpecification\",\"valueRequired\":true,\"valueName\":\"search_term_string\"}}],\"inLanguage\":\"de\"}]}<\/script>\n<!-- \/ Yoast SEO plugin. -->","yoast_head_json":{"title":"Fetovaia - Ferienwohnungen Costa del Sole, Insel Elba","robots":{"index":"index","follow":"follow","max-snippet":"max-snippet:-1","max-image-preview":"max-image-preview:large","max-video-preview":"max-video-preview:-1"},"canonical":"https:\/\/www.appartamenticostadelsole.com\/de\/fetovaia\/","og_locale":"de_DE","og_type":"article","og_title":"Fetovaia - Ferienwohnungen Costa del Sole, Insel Elba","og_description":"Insel Elba Fetovaia Der bekannte Ferienort Fetovaia besteht aus einem wundersch\u00f6nen wei\u00dfen Sandstrand. Die Bucht ist umgeben und gesch\u00fctzt von einer langen Halbinsel. Der Strand erstreckt sich \u00fcber ca. 420m und bietet ein glasklares Meerwasser. Der sandige Boden wird nur langsam tiefer. Am Strand finden Sie Badeanstalten, welche Sonnenschirme und Liegen vermietet. Ausserdem befindet sich [&hellip;]","og_url":"https:\/\/www.appartamenticostadelsole.com\/de\/fetovaia\/","og_site_name":"Ferienwohnungen Costa del Sole","article_modified_time":"2024-02-27T13:52:58+00:00","og_image":[{"url":"https:\/\/www.appartamenticostadelsole.com\/wp-content\/uploads\/fetovaia_galerie_1-300x225.jpg","type":"","width":"","height":""}],"twitter_card":"summary_large_image","schema":{"@context":"https:\/\/schema.org","@graph":[{"@type":"WebPage","@id":"https:\/\/www.appartamenticostadelsole.com\/de\/fetovaia\/","url":"https:\/\/www.appartamenticostadelsole.com\/de\/fetovaia\/","name":"Fetovaia - Ferienwohnungen Costa del Sole, Insel Elba","isPartOf":{"@id":"https:\/\/www.appartamenticostadelsole.com\/de\/#website"},"primaryImageOfPage":{"@id":"https:\/\/www.appartamenticostadelsole.com\/de\/fetovaia\/#primaryimage"},"image":{"@id":"https:\/\/www.appartamenticostadelsole.com\/de\/fetovaia\/#primaryimage"},"thumbnailUrl":"https:\/\/www.appartamenticostadelsole.com\/wp-content\/uploads\/fetovaia_galerie_1-300x225.jpg","datePublished":"2024-01-26T16:06:36+00:00","dateModified":"2024-02-27T13:52:58+00:00","breadcrumb":{"@id":"https:\/\/www.appartamenticostadelsole.com\/de\/fetovaia\/#breadcrumb"},"inLanguage":"de","potentialAction":[{"@type":"ReadAction","target":["https:\/\/www.appartamenticostadelsole.com\/de\/fetovaia\/"]}]},{"@type":"ImageObject","inLanguage":"de","@id":"https:\/\/www.appartamenticostadelsole.com\/de\/fetovaia\/#primaryimage","url":"https:\/\/www.appartamenticostadelsole.com\/wp-content\/uploads\/fetovaia_galerie_1-300x225.jpg","contentUrl":"https:\/\/www.appartamenticostadelsole.com\/wp-content\/uploads\/fetovaia_galerie_1-300x225.jpg"},{"@type":"BreadcrumbList","@id":"https:\/\/www.appartamenticostadelsole.com\/de\/fetovaia\/#breadcrumb","itemListElement":[{"@type":"ListItem","position":1,"name":"Home","item":"https:\/\/www.appartamenticostadelsole.com\/de\/"},{"@type":"ListItem","position":2,"name":"Fetovaia"}]},{"@type":"WebSite","@id":"https:\/\/www.appartamenticostadelsole.com\/de\/#website","url":"https:\/\/www.appartamenticostadelsole.com\/de\/","name":"Appartamenti Costa del Sole","description":"Insel Elba Ferienwohnungen","potentialAction":[{"@type":"SearchAction","target":{"@type":"EntryPoint","urlTemplate":"https:\/\/www.appartamenticostadelsole.com\/de\/?s={search_term_string}"},"query-input":{"@type":"PropertyValueSpecification","valueRequired":true,"valueName":"search_term_string"}}],"inLanguage":"de"}]}},"_links":{"self":[{"href":"https:\/\/www.appartamenticostadelsole.com\/de\/wp-json\/wp\/v2\/pages\/20084","targetHints":{"allow":["GET"]}}],"collection":[{"href":"https:\/\/www.appartamenticostadelsole.com\/de\/wp-json\/wp\/v2\/pages"}],"about":[{"href":"https:\/\/www.appartamenticostadelsole.com\/de\/wp-json\/wp\/v2\/types\/page"}],"author":[{"embeddable":true,"href":"https:\/\/www.appartamenticostadelsole.com\/de\/wp-json\/wp\/v2\/users\/1"}],"replies":[{"embeddable":true,"href":"https:\/\/www.appartamenticostadelsole.com\/de\/wp-json\/wp\/v2\/comments?post=20084"}],"version-history":[{"count":13,"href":"https:\/\/www.appartamenticostadelsole.com\/de\/wp-json\/wp\/v2\/pages\/20084\/revisions"}],"predecessor-version":[{"id":20374,"href":"https:\/\/www.appartamenticostadelsole.com\/de\/wp-json\/wp\/v2\/pages\/20084\/revisions\/20374"}],"wp:attachment":[{"href":"https:\/\/www.appartamenticostadelsole.com\/de\/wp-json\/wp\/v2\/media?parent=20084"}],"curies":[{"name":"wp","href":"https:\/\/api.w.org\/{rel}","templated":true}]}}